{"id":2,"date":"2017-03-06T07:18:50","date_gmt":"2017-03-06T07:18:50","guid":{"rendered":"https:\/\/vestla.ee\/?page_id=2"},"modified":"2017-05-26T16:54:06","modified_gmt":"2017-05-26T16:54:06","slug":"sample-page","status":"publish","type":"page","link":"https:\/\/vestla.ee\/et\/","title":{"rendered":"Avaleht"},"content":{"rendered":"<p>Varsti lisame &#8230; \u0423\u0441\u043b\u0443\u0433\u0438 \u043a\u043e\u043d\u0441\u0443\u043b\u044c\u0442\u0438\u0440\u043e\u0432\u0430\u043d\u0438\u0435, \u043f\u0440\u0435\u0434\u0441\u0442\u0430\u0432\u043b\u0435\u043d\u0438\u0435 \u0438\u043d\u0442\u0435\u0440\u0435\u0441\u043e\u0432 \u0432 \u0441\u0443\u0434\u0435, \u0434\u0435\u043b\u043e\u043f\u0440\u043e\u0438\u0437\u0432\u043e\u0434\u0441\u0442\u0432\u043e V\u00d5TA MEIEGA \u00dcHENDUST JA ALUSTAME JUBA T\u00c4NA!<\/p>\n","protected":false},"excerpt":{"rendered":"<p>Varsti lisame &#8230; \u0423\u0441\u043b\u0443\u0433\u0438 \u043a\u043e\u043d\u0441\u0443\u043b\u044c\u0442\u0438\u0440\u043e\u0432\u0430\u043d\u0438\u0435, \u043f\u0440\u0435\u0434\u0441\u0442\u0430\u0432\u043b\u0435\u043d\u0438\u0435 \u0438\u043d\u0442\u0435\u0440\u0435\u0441\u043e\u0432 \u0432 \u0441\u0443\u0434\u0435, \u0434\u0435\u043b\u043e\u043f\u0440\u043e\u0438\u0437\u0432\u043e\u0434\u0441\u0442\u0432\u043e V\u00d5TA MEIEGA \u00dcHENDUST JA ALUSTAME JUBA T\u00c4NA!<\/p>\n","protected":false},"author":2,"featured_media":0,"parent":0,"menu_order":0,"comment_status":"closed","ping_status":"closed","template":"","meta":{"_kad_post_transparent":"","_kad_post_title":"","_kad_post_layout":"","_kad_post_sidebar_id":"","_kad_post_content_style":"","_kad_post_vertical_padding":"","_kad_post_feature":"","_kad_post_feature_position":"","_kad_post_header":false,"_kad_post_footer":false,"footnotes":""},"class_list":["post-2","page","type-page","status-publish","hentry"],"_links":{"self":[{"href":"https:\/\/vestla.ee\/et\/index.php\/wp-json\/wp\/v2\/pages\/2","targetHints":{"allow":["GET"]}}],"collection":[{"href":"https:\/\/vestla.ee\/et\/index.php\/wp-json\/wp\/v2\/pages"}],"about":[{"href":"https:\/\/vestla.ee\/et\/index.php\/wp-json\/wp\/v2\/types\/page"}],"author":[{"embeddable":true,"href":"https:\/\/vestla.ee\/et\/index.php\/wp-json\/wp\/v2\/users\/2"}],"replies":[{"embeddable":true,"href":"https:\/\/vestla.ee\/et\/index.php\/wp-json\/wp\/v2\/comments?post=2"}],"version-history":[{"count":128,"href":"https:\/\/vestla.ee\/et\/index.php\/wp-json\/wp\/v2\/pages\/2\/revisions"}],"predecessor-version":[{"id":28043,"href":"https:\/\/vestla.ee\/et\/index.php\/wp-json\/wp\/v2\/pages\/2\/revisions\/28043"}],"wp:attachment":[{"href":"https:\/\/vestla.ee\/et\/index.php\/wp-json\/wp\/v2\/media?parent=2"}],"curies":[{"name":"wp","href":"https:\/\/api.w.org\/{rel}","templated":true}]}}